{"id":11951,"date":"2025-04-22T09:36:48","date_gmt":"2025-04-22T12:36:48","guid":{"rendered":"https:\/\/lerban.com.br\/loja\/?post_type=product&#038;p=11951"},"modified":"2026-04-29T15:43:01","modified_gmt":"2026-04-29T18:43:01","slug":"revista-5-pneumatologiaa-doutrina-do-espirito-santo","status":"publish","type":"product","link":"https:\/\/lerban.com.br\/loja\/shop\/jovens-e-adultos\/teologia-ao-alcance-de-todos\/revista-5-pneumatologiaa-doutrina-do-espirito-santo\/","title":{"rendered":"TAT 05 -Pneumatologia A Doutrina do Esp\u00edrito Santo"},"content":{"rendered":"<p>SUM\u00c1RIO<br \/>\n1. Introdu\u00e7\u00e3o a Escatologia<br \/>\n2. A natureza do Esp\u00edrito Santo (Parte 1) &#8211; (Sua divindade)<br \/>\n3. A natureza do Esp\u00edrito Santo (Parte 2) &#8211; (Sua pessoalidade)<br \/>\n4. A natureza do Esp\u00edrito Santo (Parte 3) &#8211; (S\u00edmbolos)<br \/>\n5. A obra do Esp\u00edrito Santo (Parte 1) &#8211; (Sua divindade)<br \/>\n6. A obra do Esp\u00edrito Santo (Parte 2) &#8211; (Na revela\u00e7\u00e3o)<br \/>\n7. A obra do Esp\u00edrito Santo (Parte 3) &#8211; (Nos crentes)<br \/>\n8. Ser cheio do Esp\u00edrito Santo<br \/>\n9. O batismo no Esp\u00edrito Santo<br \/>\n10. Dons ministeriais<br \/>\n11. Os dons espirituais (Parte 1)<br \/>\n12. Os dons espirituais (Parte 2)<br \/>\n13. Os dons espirituais (Parte 3)<\/p>\n<p>&nbsp;<\/p>\n<p>118 p\u00e1ginas<br \/>\n13 Li\u00e7\u00f5es<br \/>\nFormato: Revista<br \/>\nP\u00fablico Alvo: Estudos Teol\u00f3gicos, Doutrinas<\/p>\n","protected":false},"excerpt":{"rendered":"<p>Autor: Pr. Sandoval Ribeiro de Oliveira<\/p>\n<p>&nbsp;<\/p>\n<p>Todo o curr\u00edculo da Revista &#8221; Teologia ao Alcance de Todos&#8221; foi preparado com a finalidade de ser ministrado na Escola B\u00edblica Dominical (EBD), nos demais minist\u00e9rios na igreja local e at\u00e9 mesmo em semin\u00e1rios b\u00edblicos a fim de promover a fundamenta\u00e7\u00e3o da f\u00e9 crist\u00e3 por parte de cada crist\u00e3o.<\/p>\n<p>Para que esse Objetivo seja alcan\u00e7ado, cada li\u00e7\u00e3o foi elaborada com o prop\u00f3sito de conduzir o aluno \u00e0 leitura do texto a ser estudado, como tamb\u00e9m, e principalmente proporcionar um contato maior com o texto das Escrituras Sagradas que est\u00e1 citado nas li\u00e7\u00f5es.<\/p>\n<p>Como leitor da Palavra de Deus, o aluno encontrar\u00e1 no texto da nova Almeida Atualizada uma linguagem contempor\u00e2nea e de f\u00e1cil compreens\u00e3o para si enquanto simultaneamente estuda a revista em seus estudos di\u00e1rios.<\/p>\n","protected":false},"featured_media":11955,"template":"","meta":[],"product_cat":[103],"product_tag":[],"class_list":["post-11951","product","type-product","status-publish","has-post-thumbnail","hentry","product_cat-teologia-ao-alcance-de-todos"],"_links":{"self":[{"href":"https:\/\/lerban.com.br\/loja\/wp-json\/wp\/v2\/product\/11951"}],"collection":[{"href":"https:\/\/lerban.com.br\/loja\/wp-json\/wp\/v2\/product"}],"about":[{"href":"https:\/\/lerban.com.br\/loja\/wp-json\/wp\/v2\/types\/product"}],"wp:featuredmedia":[{"embeddable":true,"href":"https:\/\/lerban.com.br\/loja\/wp-json\/wp\/v2\/media\/11955"}],"wp:attachment":[{"href":"https:\/\/lerban.com.br\/loja\/wp-json\/wp\/v2\/media?parent=11951"}],"wp:term":[{"taxonomy":"product_cat","embeddable":true,"href":"https:\/\/lerban.com.br\/loja\/wp-json\/wp\/v2\/product_cat?post=11951"},{"taxonomy":"product_tag","embeddable":true,"href":"https:\/\/lerban.com.br\/loja\/wp-json\/wp\/v2\/product_tag?post=11951"}],"curies":[{"name":"wp","href":"https:\/\/api.w.org\/{rel}","templated":true}]}}