{"id":11617,"date":"2025-01-16T16:47:58","date_gmt":"2025-01-16T19:47:58","guid":{"rendered":"https:\/\/lerban.com.br\/loja\/?post_type=product&#038;p=11617"},"modified":"2026-04-13T19:20:33","modified_gmt":"2026-04-13T22:20:33","slug":"para-que-sejamos-um-2","status":"publish","type":"product","link":"https:\/\/lerban.com.br\/loja\/shop\/jovens-e-adultos\/batistas-nacionais\/para-que-sejamos-um-2\/","title":{"rendered":"BN 03 &#8211; Para que Sejamos Um"},"content":{"rendered":"<p>SUM\u00c1RIO<\/p>\n<ol>\n<li>A NOSSA IGREJA<\/li>\n<li>VIDA EM IGREJA<\/li>\n<li>A TR\u00cdPLICE FUN\u00c7\u00c3O DA IGREJA<\/li>\n<li>O QUE \u00c9 UMA IGREJA BATISTA<\/li>\n<li>O POVO BATISTA<\/li>\n<li>O QUE \u00c9 SER MEMBRO DE UMA IGREJA BATISTA NACIONAL<\/li>\n<li>AS ORDENAN\u00c7AS DO SENHOR<\/li>\n<li>NOSSA PARTICIPA\u00c7\u00c3O FINANCEIRA<\/li>\n<li>BASES DA NOSSA F\u00c9 (I)<\/li>\n<li>BASES DA NOSSA F\u00c9 (II)<\/li>\n<li>DIACONATO<\/li>\n<li>RENOVA\u00c7\u00c3O ESPIRITUAL<\/li>\n<li>A IGREJA E A CONVEN\u00c7\u00c3O<\/li>\n<li>FIRMES, CONSTANTES E ABUNDANTES<\/li>\n<\/ol>\n<p>&nbsp;<\/p>\n<p>114 p\u00e1ginas<br \/>\n14 Li\u00e7\u00f5es<br \/>\nFormato: Revista<br \/>\nP\u00fablico Alvo: P\u00fablico em Geral<\/p>\n","protected":false},"excerpt":{"rendered":"<p><img loading=\"lazy\" decoding=\"async\" class=\"wp-image-11592 aligncenter\" src=\"https:\/\/lerban.com.br\/loja\/wp-content\/uploads\/2025\/01\/logo-serie-300x161.webp\" alt=\"\" width=\"170\" height=\"91\" srcset=\"https:\/\/lerban.com.br\/loja\/wp-content\/uploads\/2025\/01\/logo-serie-300x161.webp 300w, https:\/\/lerban.com.br\/loja\/wp-content\/uploads\/2025\/01\/logo-serie-150x80.webp 150w, https:\/\/lerban.com.br\/loja\/wp-content\/uploads\/2025\/01\/logo-serie-350x187.webp 350w, https:\/\/lerban.com.br\/loja\/wp-content\/uploads\/2025\/01\/logo-serie.webp 635w\" sizes=\"(max-width: 170px) 100vw, 170px\" \/><\/p>\n<p><strong>Autor: <\/strong>Jo\u00e3o Le\u00e3o dos Santos Xavier<\/p>\n<p>&nbsp;<\/p>\n<p>\u00c9 miss\u00e3o da Lerban oferecer material de excelente qualidade para as igrejas Batistas Nacionais e demais igrejas interessadas. Nossa vis\u00e3o \u00e9 propagar e manter a f\u00e9 dos santos conservada intacta.<\/p>\n<p>N\u00f3s, Batistas Nacionais, declaramos uma f\u00e9 cr\u00edvel e vivemos uma eclesiologia consistente em todos os anos de nossa exist\u00eancia no Brasil e demais na\u00e7\u00f5es do mundo. Portanto, para ajudar no cumprimento da miss\u00e3o de Deus \u2013 evangeliza\u00e7\u00e3o e discipulado, \u00e9 que lan\u00e7amos a S\u00e9rie Batistas Nacionais, com li\u00e7\u00f5es b\u00edblicas, ortodoxas e fi\u00e9is \u00e0 tradi\u00e7\u00e3o da f\u00e9 hist\u00f3rica, com o objetivo de permanecermos naquilo que temos aprendido e que j\u00e1 foi posto \u00e0 prova do fogo das persegui\u00e7\u00f5es e abandono da f\u00e9 por parte de muitos.<\/p>\n","protected":false},"featured_media":11600,"template":"","meta":[],"product_cat":[126],"product_tag":[],"class_list":["post-11617","product","type-product","status-publish","has-post-thumbnail","hentry","product_cat-batistas-nacionais"],"_links":{"self":[{"href":"https:\/\/lerban.com.br\/loja\/wp-json\/wp\/v2\/product\/11617"}],"collection":[{"href":"https:\/\/lerban.com.br\/loja\/wp-json\/wp\/v2\/product"}],"about":[{"href":"https:\/\/lerban.com.br\/loja\/wp-json\/wp\/v2\/types\/product"}],"wp:featuredmedia":[{"embeddable":true,"href":"https:\/\/lerban.com.br\/loja\/wp-json\/wp\/v2\/media\/11600"}],"wp:attachment":[{"href":"https:\/\/lerban.com.br\/loja\/wp-json\/wp\/v2\/media?parent=11617"}],"wp:term":[{"taxonomy":"product_cat","embeddable":true,"href":"https:\/\/lerban.com.br\/loja\/wp-json\/wp\/v2\/product_cat?post=11617"},{"taxonomy":"product_tag","embeddable":true,"href":"https:\/\/lerban.com.br\/loja\/wp-json\/wp\/v2\/product_tag?post=11617"}],"curies":[{"name":"wp","href":"https:\/\/api.w.org\/{rel}","templated":true}]}}