{"id":11604,"date":"2025-01-16T16:36:09","date_gmt":"2025-01-16T19:36:09","guid":{"rendered":"https:\/\/lerban.com.br\/loja\/?post_type=product&#038;p=11604"},"modified":"2026-04-30T13:52:43","modified_gmt":"2026-04-30T16:52:43","slug":"declaracao-de-fe-em-licoes-para-igreja","status":"publish","type":"product","link":"https:\/\/lerban.com.br\/loja\/shop\/jovens-e-adultos\/batistas-nacionais\/declaracao-de-fe-em-licoes-para-igreja\/","title":{"rendered":"BN 01 &#8211; Declara\u00e7\u00e3o de F\u00e9 em Li\u00e7\u00f5es para Igreja"},"content":{"rendered":"<p>SUM\u00c1RIO<\/p>\n<ol>\n<li>IDENTIDADE BATISTA NACIONAL SER BATISTA NACIONAL<\/li>\n<li>AS ESCRITURAS PARA OS BATISTAS NACIONAIS<\/li>\n<li>O VERDADEIRO DEUS PARA OS BATISTAS NACIONAIS<\/li>\n<li>O ESP\u00cdRITO SANTO PARA OS BATISTAS NACIONAIS<\/li>\n<li>A QUEDA DO HOMEM PARA OS BATISTAS NACIONAIS<\/li>\n<li>O MEIO DA SALVA\u00c7\u00c3O PARA OS BATISTAS NACIONAIS<\/li>\n<li>A JUSTIFICA\u00c7\u00c3O PARA OS BATISTAS NACIONAIS<\/li>\n<li>A GRATUIDADE DA SALVA\u00c7\u00c3O PARA OS BATISTAS NACIONAIS<\/li>\n<li>A GRA\u00c7A DA REGENERA\u00c7\u00c3O PARA OS BATISTAS NACIONAIS<\/li>\n<li>O ARREPENDIMENTO E A F\u00c9 PARA OS BATISTAS NACIONAIS<\/li>\n<li>O PROP\u00d3SITO DA GRA\u00c7A DE DEUS PARA OS BATISTAS NACIONAIS<\/li>\n<li>A SANTIFICA\u00c7\u00c3O PARA OS BATISTAS NACIONAIS<\/li>\n<li>A PERSEVERAN\u00c7A DOS SANTOS PARA OS BATISTAS NACIONAIS<\/li>\n<li>A HARMONIA ENTRE A LEI E O EVANGELHO PARA OS BATISTAS NACIONAIS<\/li>\n<li>A IGREJA EVANG\u00c9LICA PARA OS BATISTAS NACIONAIS<\/li>\n<li>O S\u00c1BADO CRIST\u00c3O PARA OS BATISTAS NACIONAIS<\/li>\n<li>O GOVERNO CIVIL PARA OS BATISTAS NACIONAIS<\/li>\n<li>OS JUSTOS E OS \u00cdMPIOS PARA OS BATISTAS NACIONAIS<\/li>\n<li>O MUNDO VINDOURO PARA OS BATISTAS NACIONAIS<\/li>\n<li>ECLESIOLOGIA BATISTA NACIONAL<\/li>\n<li>A CONVEN\u00c7\u00c3O BATISTA NACIONAL<\/li>\n<\/ol>\n<p>&nbsp;<\/p>\n<p>139 p\u00e1ginas<br \/>\n21 Li\u00e7\u00f5es<br \/>\nFormato: Revista<br \/>\nP\u00fablico Alvo: Discipulados Para a Igreja<\/p>\n","protected":false},"excerpt":{"rendered":"<p><img loading=\"lazy\" decoding=\"async\" class=\"wp-image-11592 aligncenter\" src=\"https:\/\/lerban.com.br\/loja\/wp-content\/uploads\/2025\/01\/logo-serie-300x161.webp\" alt=\"\" width=\"170\" height=\"91\" srcset=\"https:\/\/lerban.com.br\/loja\/wp-content\/uploads\/2025\/01\/logo-serie-300x161.webp 300w, https:\/\/lerban.com.br\/loja\/wp-content\/uploads\/2025\/01\/logo-serie-150x80.webp 150w, https:\/\/lerban.com.br\/loja\/wp-content\/uploads\/2025\/01\/logo-serie-350x187.webp 350w, https:\/\/lerban.com.br\/loja\/wp-content\/uploads\/2025\/01\/logo-serie.webp 635w\" sizes=\"(max-width: 170px) 100vw, 170px\" \/><\/p>\n<p><strong>Autor: <\/strong>Alberto Maciel Carneiro<\/p>\n<p>&nbsp;<\/p>\n<p>\u00c9 miss\u00e3o da Lerban oferecer material de excelente qualidade para as igrejas Batistas Nacionais e demais igrejas interessadas. Nossa vis\u00e3o \u00e9 propagar e manter a f\u00e9 dos santos conservada intacta.<\/p>\n<p>N\u00f3s, Batistas Nacionais, declaramos uma f\u00e9 cr\u00edvel e vivemos uma eclesiologia consistente em todos os anos de nossa exist\u00eancia no Brasil e demais na\u00e7\u00f5es do mundo. Portanto, para ajudar no cumprimento da miss\u00e3o de Deus \u2013 evangeliza\u00e7\u00e3o e discipulado, \u00e9 que lan\u00e7amos a S\u00e9rie Batistas Nacionais, com li\u00e7\u00f5es b\u00edblicas, ortodoxas e fi\u00e9is \u00e0 tradi\u00e7\u00e3o da f\u00e9 hist\u00f3rica, com o objetivo de permanecermos naquilo que temos aprendido e que j\u00e1 foi posto \u00e0 prova do fogo das persegui\u00e7\u00f5es e abandono da f\u00e9 por parte de muitos.<\/p>\n","protected":false},"featured_media":11598,"template":"","meta":[],"product_cat":[126],"product_tag":[],"class_list":["post-11604","product","type-product","status-publish","has-post-thumbnail","hentry","product_cat-batistas-nacionais"],"_links":{"self":[{"href":"https:\/\/lerban.com.br\/loja\/wp-json\/wp\/v2\/product\/11604"}],"collection":[{"href":"https:\/\/lerban.com.br\/loja\/wp-json\/wp\/v2\/product"}],"about":[{"href":"https:\/\/lerban.com.br\/loja\/wp-json\/wp\/v2\/types\/product"}],"wp:featuredmedia":[{"embeddable":true,"href":"https:\/\/lerban.com.br\/loja\/wp-json\/wp\/v2\/media\/11598"}],"wp:attachment":[{"href":"https:\/\/lerban.com.br\/loja\/wp-json\/wp\/v2\/media?parent=11604"}],"wp:term":[{"taxonomy":"product_cat","embeddable":true,"href":"https:\/\/lerban.com.br\/loja\/wp-json\/wp\/v2\/product_cat?post=11604"},{"taxonomy":"product_tag","embeddable":true,"href":"https:\/\/lerban.com.br\/loja\/wp-json\/wp\/v2\/product_tag?post=11604"}],"curies":[{"name":"wp","href":"https:\/\/api.w.org\/{rel}","templated":true}]}}