{"id":11540,"date":"2025-01-16T15:06:22","date_gmt":"2025-01-16T18:06:22","guid":{"rendered":"https:\/\/lerban.com.br\/loja\/?post_type=product&#038;p=11540"},"modified":"2026-04-29T15:48:35","modified_gmt":"2026-04-29T18:48:35","slug":"familia","status":"publish","type":"product","link":"https:\/\/lerban.com.br\/loja\/shop\/jovens-e-adultos\/estudos-especiais\/familia\/","title":{"rendered":"EE 03 &#8211; Fam\u00edlia"},"content":{"rendered":"<p>SUM\u00c1RIO<\/p>\n<ol>\n<li>OS FUNDAMENTOS DA FAM\u00cdLIA<\/li>\n<li>CUIDADOS COM O JARDIM<\/li>\n<li>OS SANTOS DE CASA<\/li>\n<li>FILHOS DE HONRA<\/li>\n<li>COPOS, PORTAS E GRITOS<\/li>\n<li>O PODER DA DECIS\u00c3O<\/li>\n<li>CONVERSA E MATURIDADE<\/li>\n<li>A GRA\u00c7A E O DEVER DO PERD\u00c3O<\/li>\n<li>O TRABALHO, SEGUNDO DEUS<\/li>\n<li>UM SALMO PARA TODA A FAM\u00cdLIA<\/li>\n<li>PAIS VISION\u00c1RIOS<\/li>\n<li>EDUCA\u00c7\u00c3O SEXUAL<\/li>\n<li>ANTES E DEPOIS DO DIV\u00d3RCIO<\/li>\n<\/ol>\n<p>&nbsp;<\/p>\n<p>100 p\u00e1ginas<br \/>\n13 Li\u00e7\u00f5es<br \/>\nFormato: Revista<br \/>\nP\u00fablico Alvo: Fam\u00edlia<\/p>\n","protected":false},"excerpt":{"rendered":"<p>S\u00c9RIE ESTUDOS ESPECIAIS VOLUME 3<\/p>\n<p>Toda a educa\u00e7\u00e3o crist\u00e3 parte do pressuposto da forma\u00e7\u00e3o de um car\u00e1ter cristoc\u00eantrico na vida da igreja local. Por isso, visando apoiar a igreja nessa suprema tarefa, a S\u00e9rie ESTUDOS ESPECIAIS foi elaborada com o prop\u00f3sito de abranger diversos temas por meio dessa proposta pedag\u00f3gica redentora e discipuladora.<br \/>\nCom isso, investir na forma\u00e7\u00e3o educacional continuada de toda membresia da igreja local, propiciar\u00e1 um corpo saud\u00e1vel de crist\u00e3os din\u00e2micos e frut\u00edferos para miss\u00e3o de Deus dentro e fora da comunidade da f\u00e9.<\/p>\n<p>Autor<br \/>\nELIAS LOPES FERNANDES<\/p>\n<p>100 p\u00e1ginas<br \/>\n13 Li\u00e7\u00f5es<br \/>\nFormato Revista<br \/>\nP\u00fablico Alvo:<br \/>\nEscola B\u00edblica; Pequenos grupos; outros.<\/p>\n<p>&nbsp;<\/p>\n","protected":false},"featured_media":11535,"template":"","meta":[],"product_cat":[76],"product_tag":[],"class_list":["post-11540","product","type-product","status-publish","has-post-thumbnail","hentry","product_cat-estudos-especiais","product_shipping_class-domestic"],"_links":{"self":[{"href":"https:\/\/lerban.com.br\/loja\/wp-json\/wp\/v2\/product\/11540"}],"collection":[{"href":"https:\/\/lerban.com.br\/loja\/wp-json\/wp\/v2\/product"}],"about":[{"href":"https:\/\/lerban.com.br\/loja\/wp-json\/wp\/v2\/types\/product"}],"wp:featuredmedia":[{"embeddable":true,"href":"https:\/\/lerban.com.br\/loja\/wp-json\/wp\/v2\/media\/11535"}],"wp:attachment":[{"href":"https:\/\/lerban.com.br\/loja\/wp-json\/wp\/v2\/media?parent=11540"}],"wp:term":[{"taxonomy":"product_cat","embeddable":true,"href":"https:\/\/lerban.com.br\/loja\/wp-json\/wp\/v2\/product_cat?post=11540"},{"taxonomy":"product_tag","embeddable":true,"href":"https:\/\/lerban.com.br\/loja\/wp-json\/wp\/v2\/product_tag?post=11540"}],"curies":[{"name":"wp","href":"https:\/\/api.w.org\/{rel}","templated":true}]}}