{"id":11533,"date":"2025-01-16T14:46:25","date_gmt":"2025-01-16T17:46:25","guid":{"rendered":"https:\/\/lerban.com.br\/loja\/?post_type=product&#038;p=11533"},"modified":"2026-04-29T15:46:13","modified_gmt":"2026-04-29T18:46:13","slug":"possibilidades-sem-fim-ee","status":"publish","type":"product","link":"https:\/\/lerban.com.br\/loja\/shop\/jovens-e-adultos\/estudos-especiais\/possibilidades-sem-fim-ee\/","title":{"rendered":"EE 01 &#8211; Possibilidades sem fim"},"content":{"rendered":"<p>SUM\u00c1RIO<\/p>\n<ol>\n<li>O QUE \u00c9 UMA JORNADA ESPIRITUAL ?<\/li>\n<li>JORNADA ESPIRITUAL ORIENTADA<\/li>\n<li>DEUS CHAMA TAMB\u00c9M AS IGREJAS PARA<\/li>\n<li>CAMINHAREM NA JORNADA!<\/li>\n<li>A VIDA DA IGREJA BASEADA NA JORNADA ESPIRITUAL<\/li>\n<li>QUANDO AS JORNADAS ESPIRITUAIS PERDEM O RUMO<\/li>\n<li>TUDO NA VIDA \u00c9 UMA JORNADA E MODELOS DE JORNADAS<\/li>\n<\/ol>\n<p>&nbsp;<\/p>\n<p>80 p\u00e1ginas<br \/>\n7 Li\u00e7\u00f5es<br \/>\nFormato: Revista<br \/>\nP\u00fablico Alvo: Estudos sobre Jornadas Espirituais<\/p>\n","protected":false},"excerpt":{"rendered":"<p>S\u00c9RIE ESTUDOS ESPECIAIS VOLUME 1<\/p>\n<p>Toda a educa\u00e7\u00e3o crist\u00e3 parte do pressuposto da forma\u00e7\u00e3o de um car\u00e1ter cristoc\u00eantrico na vida da igreja local. Por isso, visando apoiar a igreja nessa suprema tarefa, a S\u00e9rie ESTUDOS ESPECIAIS foi elaborada com o prop\u00f3sito de abranger diversos temas por meio dessa proposta pedag\u00f3gica redentora e discipuladora.<br \/>\nCom isso, investir na forma\u00e7\u00e3o educacional continuada de toda membresia da igreja local, propiciar\u00e1 um corpo saud\u00e1vel de crist\u00e3os din\u00e2micos e frut\u00edferos para miss\u00e3o de Deus dentro e fora da comunidade da f\u00e9.<\/p>\n<p>Autor<br \/>\nLEE B. SPITZER<\/p>\n<p>80 p\u00e1ginas<br \/>\n7 Li\u00e7\u00f5es<br \/>\nFormato Revista<br \/>\nP\u00fablico Alvo:<br \/>\nEscola B\u00edblica; Pequenos grupos; Treinamento de lideran\u00e7a.<\/p>\n<p>&nbsp;<\/p>\n","protected":false},"featured_media":11536,"template":"","meta":[],"product_cat":[76],"product_tag":[],"class_list":["post-11533","product","type-product","status-publish","has-post-thumbnail","hentry","product_cat-estudos-especiais","product_shipping_class-domestic"],"_links":{"self":[{"href":"https:\/\/lerban.com.br\/loja\/wp-json\/wp\/v2\/product\/11533"}],"collection":[{"href":"https:\/\/lerban.com.br\/loja\/wp-json\/wp\/v2\/product"}],"about":[{"href":"https:\/\/lerban.com.br\/loja\/wp-json\/wp\/v2\/types\/product"}],"wp:featuredmedia":[{"embeddable":true,"href":"https:\/\/lerban.com.br\/loja\/wp-json\/wp\/v2\/media\/11536"}],"wp:attachment":[{"href":"https:\/\/lerban.com.br\/loja\/wp-json\/wp\/v2\/media?parent=11533"}],"wp:term":[{"taxonomy":"product_cat","embeddable":true,"href":"https:\/\/lerban.com.br\/loja\/wp-json\/wp\/v2\/product_cat?post=11533"},{"taxonomy":"product_tag","embeddable":true,"href":"https:\/\/lerban.com.br\/loja\/wp-json\/wp\/v2\/product_tag?post=11533"}],"curies":[{"name":"wp","href":"https:\/\/api.w.org\/{rel}","templated":true}]}}