{"id":10866,"date":"2024-08-02T09:02:32","date_gmt":"2024-08-02T12:02:32","guid":{"rendered":"https:\/\/lerban.com.br\/loja\/?post_type=product&#038;p=10866"},"modified":"2026-02-13T00:02:01","modified_gmt":"2026-02-13T03:02:01","slug":"vida-crista-abundante","status":"publish","type":"product","link":"https:\/\/lerban.com.br\/loja\/shop\/livros\/vida-crista-abundante\/","title":{"rendered":"Vida Crist\u00e3 Abundante"},"content":{"rendered":"<p><em>Descobrindo o Prop\u00f3sito do Fruto do Esp\u00edrito Santo para uma Vida Crist\u00e3 Aut\u00eantica<\/em><\/p>\n<p>&nbsp;<\/p>\n<p>A vida do corpo de Cristo, a Igreja, \u00e9 nutrida pela presen\u00e7a do Esp\u00edrito Santo em seu interior, pois Ele \u00e9 o respons\u00e1vel pelo crescimento saud\u00e1vel dela, de modo que n\u00e3o haja nenhuma defici\u00eancia no desenvolvimento sobrenatural dos membros particulares desse corpo m\u00edstico.<br \/>\nO Esp\u00edrito de Cristo foi enviado por Deus para que por meio Dele possamos como membros desse corpo alcan\u00e7ar aquele modo de vida santa determinado nas Escrituras.<br \/>\nEsse processo de transforma\u00e7\u00e3o \u00e9 conhecido por Santijica\u00e7\u00e3o, obra esta que faz parte daquelas m\u00faltiplas opera\u00e7\u00f5es do Esp\u00edrito Santo na vida crist\u00e3.<br \/>\nA santifica\u00e7\u00e3o \u00e9 sem d\u00favida um aspecto glorioso do minist\u00e9rio do Esp\u00edrito Santo, pois seu objetivo \u00e9 a transforma\u00e7\u00e3o \u00e9tica, moral e espiritual de cada crist\u00e3o para a conformidade com a imagem e semelhan\u00e7a de Jesus Cristo (2Co 3:18).<br \/>\nPor causa dessa a\u00e7\u00e3o poderosa, as Escrituras descrevem seu resultado para a vida crist\u00e3 semelhante a um ramo frut\u00edfero Qo 15:16; Gl 5:22). Neste progresso constante de frutifica\u00e7\u00e3o espiritual o crist\u00e3o estar\u00e1 sendo aben\u00e7oado em seu crescimento pessoal, em sua participa\u00e7\u00e3o na edifica\u00e7\u00e3o dos demais membros do corpo de Cristo e em sua miss\u00e3o no mundo.<br \/>\nTodos os salvos em Cristo foram chamados por Deus para crescer e frutificar nessa qualidade de vida pelo poder do Esp\u00edrito de Cristo. Experimentemos, pois os resultados dessa vida crist\u00e3 abundante em todas as \u00e1reas de nossas vidas.<\/p>\n<p>&nbsp;<\/p>\n<p><strong>Elias Lopes Fernandes<\/strong><\/p>\n<p>Pref\u00e1cio<br \/>\nOnde tudo come\u00e7a<br \/>\nArquitetura da felicidade<br \/>\nO fluxo do amor: mais do que palavras<br \/>\nPois grande \u00e9 a sua miseric\u00f3rdia<br \/>\nObras que falam<br \/>\nMais precioso do que o ouro<br \/>\nTudo sob controle<br \/>\nOs caminhos da fidelidade<br \/>\nA ira em seu devido tempo e lugar<br \/>\nHaja paci\u00eancia<br \/>\nA paz que o mundo empresta<br \/>\nContanto que seja para frente<br \/>\nVivendo acima da mediocridade<br \/>\nFazendo a escolha certa<\/p>\n","protected":false},"excerpt":{"rendered":"<p><em>Descobrindo o Prop\u00f3sito do Fruto do Esp\u00edrito Santo para uma Vida Crist\u00e3 Aut\u00eantica<\/em><\/p>\n<p>&nbsp;<\/p>\n<p>A vida do corpo de Cristo, a Igreja, \u00e9 nutrida pela presen\u00e7a do Esp\u00edrito Santo em seu interior, pois Ele \u00e9 o respons\u00e1vel pelo crescimento saud\u00e1vel dela, de modo que n\u00e3o haja nenhuma defici\u00eancia no desenvolvimento sobrenatural dos membros particulares desse corpo m\u00edstico.<br \/>\nO Esp\u00edrito de Cristo foi enviado por Deus para que por meio Dele possamos como membros desse corpo alcan\u00e7ar aquele modo de vida santa determinado nas Escrituras.<br \/>\nEsse processo de transforma\u00e7\u00e3o \u00e9 conhecido por Santijica\u00e7\u00e3o, obra esta que faz parte daquelas m\u00faltiplas opera\u00e7\u00f5es do Esp\u00edrito Santo na vida crist\u00e3.<br \/>\nA santifica\u00e7\u00e3o \u00e9 sem d\u00favida um aspecto glorioso do minist\u00e9rio do Esp\u00edrito Santo, pois seu objetivo \u00e9 a transforma\u00e7\u00e3o \u00e9tica, moral e espiritual de cada crist\u00e3o para a conformidade com a imagem e semelhan\u00e7a de Jesus Cristo (2Co 3:18).<br \/>\nPor causa dessa a\u00e7\u00e3o poderosa, as Escrituras descrevem seu resultado para a vida crist\u00e3 semelhante a um ramo frut\u00edfero Qo 15:16; Gl 5:22). Neste progresso constante de frutifica\u00e7\u00e3o espiritual o crist\u00e3o estar\u00e1 sendo aben\u00e7oado em seu crescimento pessoal, em sua participa\u00e7\u00e3o na edifica\u00e7\u00e3o dos demais membros do corpo de Cristo e em sua miss\u00e3o no mundo.<br \/>\nTodos os salvos em Cristo foram chamados por Deus para crescer e frutificar nessa qualidade de vida pelo poder do Esp\u00edrito de Cristo. Experimentemos, pois os resultados dessa vida crist\u00e3 abundante em todas as \u00e1reas de nossas vidas.<\/p>\n<p>&nbsp;<\/p>\n<p><strong>Elias Lopes Fernandes<\/strong><\/p>\n<p>Pref\u00e1cio<br \/>\nOnde tudo come\u00e7a<br \/>\nArquitetura da felicidade<br \/>\nO fluxo do amor: mais do que palavras<br \/>\nPois grande \u00e9 a sua miseric\u00f3rdia<br \/>\nObras que falam<br \/>\nMais precioso do que o ouro<br \/>\nTudo sob controle<br \/>\nOs caminhos da fidelidade<br \/>\nA ira em seu devido tempo e lugar<br \/>\nHaja paci\u00eancia<br \/>\nA paz que o mundo empresta<br \/>\nContanto que seja para frente<br \/>\nVivendo acima da mediocridade<br \/>\nFazendo a escolha certa<\/p>\n","protected":false},"featured_media":10867,"template":"","meta":[],"product_cat":[97],"product_tag":[],"class_list":["post-10866","product","type-product","status-publish","has-post-thumbnail","hentry","product_cat-livros"],"_links":{"self":[{"href":"https:\/\/lerban.com.br\/loja\/wp-json\/wp\/v2\/product\/10866"}],"collection":[{"href":"https:\/\/lerban.com.br\/loja\/wp-json\/wp\/v2\/product"}],"about":[{"href":"https:\/\/lerban.com.br\/loja\/wp-json\/wp\/v2\/types\/product"}],"wp:featuredmedia":[{"embeddable":true,"href":"https:\/\/lerban.com.br\/loja\/wp-json\/wp\/v2\/media\/10867"}],"wp:attachment":[{"href":"https:\/\/lerban.com.br\/loja\/wp-json\/wp\/v2\/media?parent=10866"}],"wp:term":[{"taxonomy":"product_cat","embeddable":true,"href":"https:\/\/lerban.com.br\/loja\/wp-json\/wp\/v2\/product_cat?post=10866"},{"taxonomy":"product_tag","embeddable":true,"href":"https:\/\/lerban.com.br\/loja\/wp-json\/wp\/v2\/product_tag?post=10866"}],"curies":[{"name":"wp","href":"https:\/\/api.w.org\/{rel}","templated":true}]}}