{"id":10864,"date":"2024-08-02T08:10:21","date_gmt":"2024-08-02T11:10:21","guid":{"rendered":"https:\/\/lerban.com.br\/loja\/?post_type=product&#038;p=10864"},"modified":"2026-02-13T00:02:01","modified_gmt":"2026-02-13T03:02:01","slug":"missao-e-igreja","status":"publish","type":"product","link":"https:\/\/lerban.com.br\/loja\/shop\/livros\/missao-e-igreja\/","title":{"rendered":"Miss\u00e3o e Igreja"},"content":{"rendered":"<p>Reflex\u00f5es b\u00edblicas acerca da miss\u00e3o de Deus e da nossa pr\u00e1tica mission\u00e1ria<\/p>\n<p>Insens\u00edvel seria a pessoa que lesse este livro muito bem escrito sem modificar as suas prioridades. O livro todo refor\u00e7a a verdade evidente<br \/>\nem toda a B\u00edblia que Deus escolheu Seu povo, ou Israel ou a Igreja, para cumprir Sua miss\u00e3o em alcan\u00e7ar as na\u00e7\u00f5es com Seu amor e com a Sua salva\u00e7\u00e3o.<\/p>\n<p><strong>Barbara Helen Burns, mission\u00e1rio, escritora, doutoro em missiologio e<\/strong><br \/>\n<strong>coordenadora do Centro de Preparo Mission\u00e1rio do Miss\u00e3o JUVEP.<\/strong><\/p>\n<p>&nbsp;<\/p>\n<p>Este \u00e9 um livro sobre Deus e a Sua miss\u00e3o. Fundamentado nas Escrituras, trata da rela\u00e7\u00e3o de Deus com a Sua Igreja impulsionando-a ser sal da Terra e luz do mundo. Sua leitura o far\u00e1 refletir sobre a prop\u00f3sito da Igreja como comunidade sem fronteiras, a sua identidade em Cristo, o seu chamado para o mundo e a sua vida perante a expectativa dos \u00faltimos dias.<\/p>\n<p><strong>Ronaldo Lid\u00f3rio, mission\u00e1rio, escritor, doutor em antropologia cultural, membro do <\/strong><strong>Ag\u00eancia Presbiteriano de Miss\u00f5es Tronsculturais<\/strong>.<\/p>\n<p>&nbsp;<\/p>\n","protected":false},"excerpt":{"rendered":"<p>Reflex\u00f5es b\u00edblicas acerca da miss\u00e3o de Deus e da nossa pr\u00e1tica mission\u00e1ria<\/p>\n<p>Insens\u00edvel seria a pessoa que lesse este livro muito bem escrito sem modificar as suas prioridades. O livro todo refor\u00e7a a verdade evidente<br \/>\nem toda a B\u00edblia que Deus escolheu Seu povo, ou Israel ou a Igreja, para cumprir Sua miss\u00e3o em alcan\u00e7ar as na\u00e7\u00f5es com Seu amor e com a Sua salva\u00e7\u00e3o.<\/p>\n<p><strong>Barbara Helen Burns, mission\u00e1rio, escritora, doutoro em missiologio e<\/strong><br \/>\n<strong>coordenadora do Centro de Preparo Mission\u00e1rio do Miss\u00e3o JUVEP.<\/strong><\/p>\n<p>&nbsp;<\/p>\n<p>Este \u00e9 um livro sobre Deus e a Sua miss\u00e3o. Fundamentado nas Escrituras, trata da rela\u00e7\u00e3o de Deus com a Sua Igreja impulsionando-a ser sal da Terra e luz do mundo. Sua leitura o far\u00e1 refletir sobre a prop\u00f3sito da Igreja como comunidade sem fronteiras, a sua identidade em Cristo, o seu chamado para o mundo e a sua vida perante a expectativa dos \u00faltimos dias.<\/p>\n<p><strong>Ronaldo Lid\u00f3rio, mission\u00e1rio, escritor, doutor em antropologia cultural, membro do <\/strong><strong>Ag\u00eancia Presbiteriano de Miss\u00f5es Tronsculturais<\/strong>.<\/p>\n<p>&nbsp;<\/p>\n","protected":false},"featured_media":10865,"template":"","meta":[],"product_cat":[97,121],"product_tag":[],"class_list":["post-10864","product","type-product","status-publish","has-post-thumbnail","hentry","product_cat-livros","product_cat-missoes-nacionais"],"_links":{"self":[{"href":"https:\/\/lerban.com.br\/loja\/wp-json\/wp\/v2\/product\/10864"}],"collection":[{"href":"https:\/\/lerban.com.br\/loja\/wp-json\/wp\/v2\/product"}],"about":[{"href":"https:\/\/lerban.com.br\/loja\/wp-json\/wp\/v2\/types\/product"}],"wp:featuredmedia":[{"embeddable":true,"href":"https:\/\/lerban.com.br\/loja\/wp-json\/wp\/v2\/media\/10865"}],"wp:attachment":[{"href":"https:\/\/lerban.com.br\/loja\/wp-json\/wp\/v2\/media?parent=10864"}],"wp:term":[{"taxonomy":"product_cat","embeddable":true,"href":"https:\/\/lerban.com.br\/loja\/wp-json\/wp\/v2\/product_cat?post=10864"},{"taxonomy":"product_tag","embeddable":true,"href":"https:\/\/lerban.com.br\/loja\/wp-json\/wp\/v2\/product_tag?post=10864"}],"curies":[{"name":"wp","href":"https:\/\/api.w.org\/{rel}","templated":true}]}}