{"id":10682,"date":"2024-08-02T07:57:39","date_gmt":"2024-08-02T10:57:39","guid":{"rendered":"https:\/\/lerban.com.br\/loja\/?post_type=product&#038;p=10682"},"modified":"2026-02-13T00:02:01","modified_gmt":"2026-02-13T03:02:01","slug":"sou-cristao","status":"publish","type":"product","link":"https:\/\/lerban.com.br\/loja\/shop\/livros\/sou-cristao\/","title":{"rendered":"Sou Crist\u00e3o?"},"content":{"rendered":"<p>Sum\u00e1rio<\/p>\n<p>&nbsp;<\/p>\n<p><strong>EM CRISTO<\/strong><\/p>\n<ul>\n<li>SALVOS POR UM DEUS JUSTO<\/li>\n<li>O QUE VEM DEPOIS<\/li>\n<li>UMA QUEST\u00c3O DE SER<\/li>\n<li>N\u00c3O SOMOS ORF\u00c3OS<\/li>\n<\/ul>\n<p>&nbsp;<\/p>\n<p><strong>NA COMUNIDADE<\/strong><\/p>\n<ul>\n<li>E A IGREJA, COMO VAI?<\/li>\n<li>O AVAN\u00c7O DO IDE<\/li>\n<li>MILIT\u00c2NCIA POL\u00cdTICA E A MISS\u00c3O DA IGREJA<\/li>\n<li>PERSEGUIDOS AT\u00c9 AOS CONFINS DA TERRA<\/li>\n<\/ul>\n<p>&nbsp;<\/p>\n<p><strong>EM MISS\u00c3O<\/strong><\/p>\n<ul>\n<li>LIDERAN\u00c7A E SEUS MOINHOS DE VENTO<\/li>\n<li>VIDA E MINIST\u00c9RIO FIEL<\/li>\n<li>AO SE FECHAR AS CORTINAS<\/li>\n<\/ul>\n<p>&nbsp;<\/p>\n","protected":false},"excerpt":{"rendered":"<p>Autor: Elias Lopes Fernandes<\/p>\n<p>&nbsp;<\/p>\n<p>O Livro &#8221;SOU CRIST\u00c3O?&#8221; faz parte da s\u00e9rie &#8221;FUNDAMENTOS&#8221; e aborda quest\u00f5es relacionadas \u00e0 vida crist\u00e3, baseadas nas Escrituras. O autor, Elias Lopes Fernandes, destaca a import\u00e2ncia de fundamentar a experi\u00eancia espiritual nas Escrituras para viver plenamente a Palavra de Deus.<\/p>\n<p>O Livro busca resgatar bases s\u00f3lidas da vida crist\u00e3 aut\u00eantica e incentiva o leitor a fazer um autoexame sincero, sob a orienta\u00e7\u00e3o do Esp\u00edrito Santo, para reavaliar e fundamentar biblicamente sua vida crist\u00e3 para a Gl\u00f3ria de Deus.<\/p>\n<p>Para todo Crist\u00e3o, \u00e9 importante fundamentar a experi\u00eancia espiritual nas Escrituras, de acordo com o texto, porque sem isso \u00e9 imposs\u00edvel vier plenamente cada aspecto da Palavra de Deus em nossa vida di\u00e1ria.<\/p>\n<p>Ter uma s\u00f3lida convic\u00e7\u00e3o de que aquilo est\u00e1 revelado e escrito nas Escrituras \u00e9 o que temos vivido no mundo e em especial para com Deus \u00e9 essencial para a vida crist\u00e3.<\/p>\n","protected":false},"featured_media":10683,"template":"","meta":[],"product_cat":[97],"product_tag":[],"class_list":["post-10682","product","type-product","status-publish","has-post-thumbnail","hentry","product_cat-livros"],"_links":{"self":[{"href":"https:\/\/lerban.com.br\/loja\/wp-json\/wp\/v2\/product\/10682"}],"collection":[{"href":"https:\/\/lerban.com.br\/loja\/wp-json\/wp\/v2\/product"}],"about":[{"href":"https:\/\/lerban.com.br\/loja\/wp-json\/wp\/v2\/types\/product"}],"wp:featuredmedia":[{"embeddable":true,"href":"https:\/\/lerban.com.br\/loja\/wp-json\/wp\/v2\/media\/10683"}],"wp:attachment":[{"href":"https:\/\/lerban.com.br\/loja\/wp-json\/wp\/v2\/media?parent=10682"}],"wp:term":[{"taxonomy":"product_cat","embeddable":true,"href":"https:\/\/lerban.com.br\/loja\/wp-json\/wp\/v2\/product_cat?post=10682"},{"taxonomy":"product_tag","embeddable":true,"href":"https:\/\/lerban.com.br\/loja\/wp-json\/wp\/v2\/product_tag?post=10682"}],"curies":[{"name":"wp","href":"https:\/\/api.w.org\/{rel}","templated":true}]}}