{"id":10004,"date":"2023-10-09T08:16:46","date_gmt":"2023-10-09T11:16:46","guid":{"rendered":"https:\/\/lerban.com.br\/loja\/?post_type=product&#038;p=10004"},"modified":"2026-02-13T00:02:02","modified_gmt":"2026-02-13T03:02:02","slug":"plenitude-todos-nos-temos-recebido-da-sua-plenitude","status":"publish","type":"product","link":"https:\/\/lerban.com.br\/loja\/shop\/livros\/plenitude-todos-nos-temos-recebido-da-sua-plenitude\/","title":{"rendered":"Plenitude: Todos n\u00f3s temos recebido da sua plenitude"},"content":{"rendered":"<p>Sum\u00e1rio:<\/p>\n<p>Cap\u00edtulo 1 &#8211; O potencial da Plenitude<\/p>\n<p>Cap\u00edtulo 2 &#8211; Rumo \u00e0 plenitude de Cristo<\/p>\n<p>Cap\u00edtulo 3 &#8211; Jesus, o primeiro de muitos filhos plenos<\/p>\n<p>Cap\u00edtulo 4 &#8211; O recipiente da plenitude<\/p>\n<p>Cap\u00edtulo 5 &#8211; A plenitude da esperan\u00e7a<\/p>\n<p>Cap\u00edtulo 6 &#8211; A condi\u00e7\u00e3o de viver a plenitude<\/p>\n<p>Cap\u00edtulo 7 &#8211; A plenitude da f\u00e9<\/p>\n<p>Cap\u00edtulo 8 &#8211; A plenitude que aperfei\u00e7oa a minha fraqueza<\/p>\n<p>Cap\u00edtulo 9 &#8211; A plenitude do tempo<\/p>\n<p>Cap\u00edtulo 10 &#8211; Os sofrimentos e as recompensas de um filho pleno<\/p>\n<p>Cap\u00edtulo 11 &#8211; A plenitude da paz<\/p>\n<p>Cap\u00edtulo 12 &#8211; A plenitude do amor<\/p>\n<p>Cap\u00edtulo 13 &#8211; A plenitude da adora\u00e7\u00e3o<\/p>\n<p>Cap\u00edtulo 14 &#8211; A plenitude do poder<\/p>\n<p>Cap\u00edtulo 15 &#8211; A plenitude da alegria<\/p>\n<p>Cap\u00edtulo 16 &#8211; A plenitude da comunh\u00e3o<\/p>\n<p>Cap\u00edtulo 17 &#8211; A plena recompensa<\/p>\n<p>&nbsp;<\/p>\n<p>&nbsp;<\/p>\n<p><a href=\"https:\/\/www.amazon.com.br\/dp\/B0CKTQ74BB\"><img loading=\"lazy\" decoding=\"async\" class=\"alignnone size-full wp-image-5739\" src=\"https:\/\/lerban.com.br\/loja\/wp-content\/uploads\/2022\/11\/disponivel-tambem-na-amazons.png\" alt=\"\" width=\"300\" height=\"108\" srcset=\"https:\/\/lerban.com.br\/loja\/wp-content\/uploads\/2022\/11\/disponivel-tambem-na-amazons.png 300w, https:\/\/lerban.com.br\/loja\/wp-content\/uploads\/2022\/11\/disponivel-tambem-na-amazons-150x54.png 150w\" sizes=\"(max-width: 300px) 100vw, 300px\" \/><\/a><\/p>\n","protected":false},"excerpt":{"rendered":"<p>Plenitude, perfei\u00e7\u00e3o. Palavras que expressam algo t\u00e3o sublime, mas que nos soam t\u00e3o inating\u00edveis. Talvez porque uma frase muito citada na nossa cultura brasileira \u00e9 esta: \u201cningu\u00e9m \u00e9 perfeito\u201d. Crescemos com esse entendimento limitado e n\u00e3o paramos para questionar o que Deus diz sobre isso.<\/p>\n<p>Entendo que enquanto estivermos neste corpo mortal estaremos limitados de muitas formas, sujeitos a tenta\u00e7\u00f5es e pecados. Por outro lado, tamb\u00e9m creio que tudo o que Deus declara em sua Palavra \u00e9 poss\u00edvel de ser vivido! Deus n\u00e3o nos deu instru\u00e7\u00f5es impratic\u00e1veis, promessas inalcan\u00e7\u00e1veis, caminhos intransit\u00e1veis ou alvos inating\u00edveis. Jesus veio ao mundo n\u00e3o apenas para nos salvar, mas tamb\u00e9m para nos mostrar como viver a plenitude que Deus tem para cada um dos seus filhos a quem Ele veio salvar.<\/p>\n<p>O conceito de plenitude est\u00e1 presente desde o in\u00edcio da hist\u00f3ria. E o prop\u00f3sito do Pai para que viv\u00eassemos a plenitude nunca mudou, mesmo ap\u00f3s o surgimento do pecado no mundo. Quando Deus levou Abra\u00e3o a n\u00edveis mais profundos de alian\u00e7a, Ele lhe declarou este desejo: \u201cAnde na minha presen\u00e7a e seja perfeito\u201d.<\/p>\n<p>Sobre o que Deus estava falando? A palavra hebraica nesse texto \u00e9\u00a0<span class=\"a-text-italic\">tamiym<\/span>, que expressa o conceito de perfei\u00e7\u00e3o e plenitude. Refere-se a algu\u00e9m que \u00e9 reto, \u00edntegro, completo e sem defeito. Poderia Abra\u00e3o viver a perfei\u00e7\u00e3o?<\/p>\n<p>Nesse pequeno vers\u00edculo j\u00e1 podemos aprender duas verdades important\u00edssimas sobre o conceito da plenitude. Em primeiro lugar, a perfei\u00e7\u00e3o que Deus nos chama a viver acontece dentro de uma alian\u00e7a com Ele, o Deus perfeito! Em segundo lugar, a perfei\u00e7\u00e3o acontece dentro de um relacionamento com Deus, ou seja, andando com Ele e na presen\u00e7a d\u2019Ele. Se Deus disse a Abra\u00e3o para andar com Ele sendo perfeito e \u00edntegro, \u00e9 porque isso era poss\u00edvel!<\/p>\n<p>Esse chamado aparece novamente no tempo da lei, agora estendido a toda uma na\u00e7\u00e3o: \u201cSejam perfeitos para com o Senhor, seu Deus\u201d. Mas, o que fazer quanto ao pecado que desqualifica a humanidade para uma vida de plenitude? \u00c9 a\u00ed que encontramos a palavra\u00a0<span class=\"a-text-italic\">tamiym\u00a0<\/span>associada ao cordeiro sem defeito, que era oferecido para que o homem fosse aceito diante do Senhor. A condi\u00e7\u00e3o \u201csem defeito\u201d \u00e9 exatamente a palavra\u00a0<span class=\"a-text-italic\">tamiym<\/span>. Portanto, pela perfei\u00e7\u00e3o do cordeiro que era oferecido em favor do homem, ele podia ser aceito diante de Deus!<\/p>\n<p>Essa \u00e9 uma descri\u00e7\u00e3o maravilhosa de Jesus, o Cordeiro de Deus, puro e sem defeito, que veio n\u00e3o apenas para nos dar acesso ao Pai, mas para nos transformar \u00e0 sua pr\u00f3pria imagem, puros e sem defeito! Logo no in\u00edcio do seu minist\u00e9rio terreno, Jesus declarou: \u201cSejam perfeitos como \u00e9 perfeito o Pai de voc\u00eas, que est\u00e1 no c\u00e9u\u201d!<\/p>\n<p>Hoje, mais do que nunca, na Nova Alian\u00e7a que temos por meio de Jesus Cristo, \u00e9 poss\u00edvel vivermos uma vida de plenitude. Jesus \u00e9 a plenitude do Pai e n\u00f3s, como seu corpo, somos chamados \u00e0 plenitude de Cristo!<\/p>\n<p>\u00c9 sobre isso que se trata este livro. N\u00e3o tenho a pretens\u00e3o de abordar todas as \u00e1reas da plenitude que se encontram na B\u00edblia, mas aquelas que o Esp\u00edrito Santo tem me conduzido a compreender e a viver. Esse tem se tornado um dos assuntos que mais me maravilharam.<\/p>\n<p>Podemos n\u00e3o ter ainda alcan\u00e7ado a plenitude, mas cremos que, se Jesus, o filho pleno de Deus, habita em n\u00f3s, se estamos sendo conduzidos por um caminho perfeito, se estamos sendo transformados em nossa mente para experimentar a perfeita vontade de Deus e se a B\u00edblia afirma essa perfei\u00e7\u00e3o a nosso respeito, assim cremos e viveremos firmados nessa verdade!<\/p>\n","protected":false},"featured_media":10006,"template":"","meta":[],"product_cat":[97],"product_tag":[],"class_list":["post-10004","product","type-product","status-publish","has-post-thumbnail","hentry","product_cat-livros","product_shipping_class-domestic"],"_links":{"self":[{"href":"https:\/\/lerban.com.br\/loja\/wp-json\/wp\/v2\/product\/10004"}],"collection":[{"href":"https:\/\/lerban.com.br\/loja\/wp-json\/wp\/v2\/product"}],"about":[{"href":"https:\/\/lerban.com.br\/loja\/wp-json\/wp\/v2\/types\/product"}],"wp:featuredmedia":[{"embeddable":true,"href":"https:\/\/lerban.com.br\/loja\/wp-json\/wp\/v2\/media\/10006"}],"wp:attachment":[{"href":"https:\/\/lerban.com.br\/loja\/wp-json\/wp\/v2\/media?parent=10004"}],"wp:term":[{"taxonomy":"product_cat","embeddable":true,"href":"https:\/\/lerban.com.br\/loja\/wp-json\/wp\/v2\/product_cat?post=10004"},{"taxonomy":"product_tag","embeddable":true,"href":"https:\/\/lerban.com.br\/loja\/wp-json\/wp\/v2\/product_tag?post=10004"}],"curies":[{"name":"wp","href":"https:\/\/api.w.org\/{rel}","templated":true}]}}